{"id":174,"date":"2017-03-22T11:30:28","date_gmt":"2017-03-22T11:30:28","guid":{"rendered":"http:\/\/wp1.themexlab.com\/newwp\/budapest\/?page_id=174"},"modified":"2026-02-17T19:48:01","modified_gmt":"2026-02-17T19:48:01","slug":"about-us","status":"publish","type":"page","link":"https:\/\/lauramanzanera.com\/?page_id=174","title":{"rendered":"Sobre m\u00ed"},"content":{"rendered":"<p><section class=\"kc-elm kc-css-992850 kc_row\"><div class=\"kc-row-container  kc-container\"><div class=\"kc-wrap-columns\"><div class=\"kc-elm kc-css-100431 kc_col-sm-12 kc_column kc_col-sm-12\"><div class=\"kc-col-container\"><!--About Section-->\r\n<section class=\"about-section\">\r\n    <div class=\"auto-container\">\r\n        <!--Heading-->\r\n        <div class=\"sec-title centered\">\r\n            <h2><\/h2>\r\n            <div class=\"desc-text\">                                                                                                             Soy periodista y escritora. He colaborado con numerosas editoriales y me he especializado en la investigaci\u00f3n y divulgaci\u00f3n de la historia en general y de la historia de las mujeres en particular.<\/div>\r\n        <\/div>\r\n        \r\n        <div class=\"row clearfix\">\r\n                    <\/div>\r\n        \r\n    <\/div>\r\n<\/section><\/div><\/div><\/div><\/div><\/section><section class=\"kc-elm kc-css-192148 kc_row\"><div class=\"kc-row-container\"><div class=\"kc-wrap-columns\"><div class=\"kc-elm kc-css-886248 kc_col-sm-12 kc_column kc_col-sm-12\"><div class=\"kc-col-container\"><!--Fun Facts Section-->\r\n<section class=\"fun-facts-section fact-counter\" style=\"background-image:url('https:\/\/lauramanzanera.com\/wp-content\/uploads\/2017\/03\/image-2.jpg');\">\r\n    <div class=\"auto-container\">\r\n        \r\n        <div class=\"row clearfix\">\r\n                        <!--Column-->\r\n            <div class=\"column counter-column count-box\">\r\n                <div class=\"inner\">\r\n                    <div class=\"count-outer\"><span class=\"count-text\" data-speed=\"3000\" data-stop=\"220\">0<\/span><\/div>\r\n                    <div class=\"counter-title\">Projects<\/div>\r\n                <\/div>\r\n            <\/div>\r\n                        <!--Column-->\r\n            <div class=\"column counter-column count-box\">\r\n                <div class=\"inner\">\r\n                    <div class=\"count-outer\"><span class=\"count-text\" data-speed=\"3000\" data-stop=\"3200\">0<\/span><\/div>\r\n                    <div class=\"counter-title\">Happy Clients<\/div>\r\n                <\/div>\r\n            <\/div>\r\n                        <!--Column-->\r\n            <div class=\"column counter-column count-box\">\r\n                <div class=\"inner\">\r\n                    <div class=\"count-outer\"><span class=\"count-text\" data-speed=\"3000\" data-stop=\"19\">0<\/span><\/div>\r\n                    <div class=\"counter-title\">Awards Won<\/div>\r\n                <\/div>\r\n            <\/div>\r\n                        <!--Column-->\r\n            <div class=\"column counter-column count-box\">\r\n                <div class=\"inner\">\r\n                    <div class=\"count-outer\"><span class=\"count-text\" data-speed=\"3000\" data-stop=\"1029\">0<\/span><\/div>\r\n                    <div class=\"counter-title\">Cup of Coffee<\/div>\r\n                <\/div>\r\n            <\/div>\r\n                        <!--Column-->\r\n            <div class=\"column counter-column count-box\">\r\n                <div class=\"inner\">\r\n                    <div class=\"count-outer\"><span class=\"count-text\" data-speed=\"3000\" data-stop=\"28\">0<\/span><\/div>\r\n                    <div class=\"counter-title\">Experiences<\/div>\r\n                <\/div>\r\n            <\/div>\r\n              \r\n        <\/div>\r\n        \r\n    <\/div>\r\n<\/section><\/div><\/div><\/div><\/div><\/section><section class=\"kc-elm kc-css-409564 kc_row\"><div class=\"kc-row-container  kc-container\"><div class=\"kc-wrap-columns\"><div class=\"kc-elm kc-css-917953 kc_col-sm-12 kc_column kc_col-sm-12\"><div class=\"kc-col-container\">   \r\n   \r\n\r\n<!--Testimonials Section-->\r\n<section class=\"testimonials-section\">\r\n    <div class=\"auto-container\">\r\n        \r\n        <!--Carousel Outer-->\r\n        <div class=\"carousel-outer\">\r\n            <div class=\"single-item-carousel owl-theme owl-carousel\">\r\n                                <!--Slide Item-->\r\n                <div class=\"slide-item\">\r\n                    <div class=\"icon\"><\/div>\r\n                    <div class=\"slide-info\">\r\n                        <h4>-  JOHN ABRAHAM  -<\/h4>\r\n                        <div class=\"designation\">Macsy<\/div>\r\n                    <\/div>\r\n                    <div class=\"slide-content\">The ship set ground on the shore that this group would some how form a family all of them had hair of gold like their mother the youngest one in curls gud baby.<\/div>\r\n                <\/div>\r\n                                <!--Slide Item-->\r\n                <div class=\"slide-item\">\r\n                    <div class=\"icon\"><\/div>\r\n                    <div class=\"slide-info\">\r\n                        <h4>-  JOHN ABRAHAM  -<\/h4>\r\n                        <div class=\"designation\">Macsy<\/div>\r\n                    <\/div>\r\n                    <div class=\"slide-content\">The ship set ground on the shore that this group would some how form a family all of them had hair of gold like their mother the youngest one in curls gud baby.<\/div>\r\n                <\/div>\r\n                                <!--Slide Item-->\r\n                <div class=\"slide-item\">\r\n                    <div class=\"icon\"><\/div>\r\n                    <div class=\"slide-info\">\r\n                        <h4>-  JOHN ABRAHAM  -<\/h4>\r\n                        <div class=\"designation\">Macsy<\/div>\r\n                    <\/div>\r\n                    <div class=\"slide-content\">The ship set ground on the shore that this group would some how form a family all of them had hair of gold like their mother the youngest one in curls gud baby.<\/div>\r\n                <\/div>\r\n                            <\/div>\r\n        <\/div>\r\n        \r\n    <\/div>\r\n<\/section>\r\n\r\n<\/div><\/div><\/div><\/div><\/section><section class=\"kc-elm kc-css-704181 kc_row\"><div class=\"kc-row-container\"><div class=\"kc-wrap-columns\"><div class=\"kc-elm kc-css-278412 kc_col-sm-12 kc_column kc_col-sm-12\"><div class=\"kc-col-container\">   \r\n\r\n<!--Team Section-->\r\n<section class=\"team-section\">\r\n    <div class=\"auto-container\">\r\n        \r\n        <!--Heading-->\r\n        <div class=\"sec-title centered\">\r\n            <h2>OUR TEAM<\/h2>\r\n            <div class=\"desc-text\">The ship set ground on the shore that this group would some how form a family<\/div>\r\n        <\/div>\r\n        \r\n        <div class=\"row clearfix\">\r\n                        <!--Team Member-->\r\n            <div class=\"team-member col-md-3 col-sm-6 col-xs-12\">\r\n                <div class=\"inner-box wow fadeInDown\" data-wow-delay=\"0ms\" data-wow-duration=\"1500ms\">\r\n                    <figure class=\"image\"><\/figure>\r\n                    <div class=\"lower-content\">\r\n                                                <h3>GEORGE BAILEY<\/h3>\r\n                        <div class=\"designation\"><\/div>\r\n                    <\/div>\r\n                <\/div>\r\n            <\/div>\r\n                        <!--Team Member-->\r\n            <div class=\"team-member col-md-3 col-sm-6 col-xs-12\">\r\n                <div class=\"inner-box wow fadeInDown\" data-wow-delay=\"0ms\" data-wow-duration=\"1500ms\">\r\n                    <figure class=\"image\"><\/figure>\r\n                    <div class=\"lower-content\">\r\n                                                <h3>MARIA PRINCE<\/h3>\r\n                        <div class=\"designation\"><\/div>\r\n                    <\/div>\r\n                <\/div>\r\n            <\/div>\r\n                        <!--Team Member-->\r\n            <div class=\"team-member col-md-3 col-sm-6 col-xs-12\">\r\n                <div class=\"inner-box wow fadeInDown\" data-wow-delay=\"0ms\" data-wow-duration=\"1500ms\">\r\n                    <figure class=\"image\"><\/figure>\r\n                    <div class=\"lower-content\">\r\n                                                <h3>CHRIS MORIS<\/h3>\r\n                        <div class=\"designation\"><\/div>\r\n                    <\/div>\r\n                <\/div>\r\n            <\/div>\r\n                        <!--Team Member-->\r\n            <div class=\"team-member col-md-3 col-sm-6 col-xs-12\">\r\n                <div class=\"inner-box wow fadeInDown\" data-wow-delay=\"0ms\" data-wow-duration=\"1500ms\">\r\n                    <figure class=\"image\"><\/figure>\r\n                    <div class=\"lower-content\">\r\n                                                <h3>TRISH LEE<\/h3>\r\n                        <div class=\"designation\"><\/div>\r\n                    <\/div>\r\n                <\/div>\r\n            <\/div>\r\n                    <\/div>\r\n        \r\n    <\/div>\r\n<\/section>\r\n\r\n<\/div><\/div><\/div><\/div><\/section><section class=\"kc-elm kc-css-894103 kc_row\"><div class=\"kc-row-container  kc-container\"><div class=\"kc-wrap-columns\"><div class=\"kc-elm kc-css-281516 kc_col-sm-12 kc_column kc_col-sm-12\"><div class=\"kc-col-container\"><div class=\"kc-elm kc-css-552580 kc_text_block\"><\/p>\n<p style=\"text-align: center;\"><img loading=\"lazy\" decoding=\"async\" class=\"aligncenter\" src=\"https:\/\/lauramanzanera.com\/wp-content\/uploads\/2026\/01\/Foto-Laura-libreria.jpg\" alt=\"\" width=\"332\" height=\"418\">\u00a0 \u00a0 \u00a0 \u00a0 \u00a0 \u00a0 \u00a0 \u00a0 \u00a0 \u00a0 \u00a0 \u00a0 \u00a0 \u00a0 \u00a0 \u00a0 \u00a0 \u00a0 \u00a0 \u00a0 \u00a0 \u00a0 \u00a0 \u00a0 \u00a0 \u00a0 \u00a0@Julia Mu\u00f1oz Garc\u00eda<\/p>\n<div>\u00a0<\/div>\n<div><strong>\u00abLa literatura es la libertad.\u00bb\u00a0<\/strong><\/div>\n<div>Susan Sontag.<\/div>\n<div><span style=\"font-style: inherit;\">\u00a0<\/span><\/div>\n<div><span style=\"font-style: inherit;\">Escribo para huir del ruido, frenar el v\u00e9rtigo del mundo y encontrar la calma para pensar.<\/span><\/div>\n<div><span style=\"font-style: inherit;\">\u00a0<\/span><\/div>\n<div><span style=\"font-style: inherit;\">\u00a0<\/span><\/div>\n<div>\u00a0<\/div>\n<div>\u00a0<\/div>\n<div><span style=\"font-style: inherit;\">Desde siempre supe que las palabras ser\u00edan mi camino. La escritura no es solo lo que hago, es lo que soy.<\/span><\/div>\n<div>\u00a0<\/div>\n<div><span style=\"font-style: inherit;\">Trabajo como periodista, he tocado (casi) todos los g\u00e9neros y temas, he colaborado con numerosas editoriales y me he especializado en divulgar historia, sobre todo historia de las mujeres.\u00a0<\/span><span style=\"font-style: inherit;\">Hasta ahora, <strong>he publicado diez libros de no ficci\u00f3n, varios relatos y una novela.<\/strong> En cada uno de ellos intento entender mejor a los dem\u00e1s y a m\u00ed misma, porque ni el pasado ni el presente lo forjan las grandes personalidades, sino los personajes an\u00f3nimos.<\/span><\/div>\n<p style=\"margin: 0cm; line-height: 150%;\"><span lang=\"ES\" style=\"font-size: 10.0pt; line-height: 150%; font-family: 'Arial',sans-serif;\">\u00a0<\/span><\/p>\n<div><span style=\"font-style: inherit;\">Gracias a mis escritos, he explorado las calles del Londres victoriano para entender las historias de Sherlock Holmes y me he sumergido en las vidas de un mont\u00f3n de mujeres que consiguieron cosas incre\u00edbles; algunas de ellas conocidas, la mayor\u00eda, no. He desvelado las haza\u00f1as de las que arriesgaron su vida convirti\u00e9ndose en esp\u00edas; de las que se vistieron de hombre y huyeron de los cors\u00e9s y prohibiciones de su tiempo para ser m\u00e1s libres; de las que se atrevieron a desafiar a toda una Revoluci\u00f3n Francesa que les prometi\u00f3 la igualdad para arrebat\u00e1rsela antes de conced\u00e9rsela\u2026<\/span><\/div>\n<p style=\"margin: 0cm; line-height: 150%;\"><span lang=\"ES\" style=\"font-size: 10.0pt; line-height: 150%; font-family: 'Arial',sans-serif;\">\u00a0<\/span><\/p>\n<div><span style=\"font-style: inherit;\">Tras a\u00f1os de escribir ensayos y biograf\u00edas, <strong>por fin\u00a0encontr\u00e9 en la realidad algo que quer\u00eda contar en la ficci\u00f3n. As\u00ed que dej\u00e9 volar mi imaginaci\u00f3n sin desanclarme del todo de la historia. <\/strong>En <em>\u00bfQui\u00e9n ha matado a Agatha Christie?<\/em>, mi primera novela (que no \u00faltima), recreo el mayor misterio de la vida de la c\u00e9lebre novelista: su desaparici\u00f3n durante once d\u00edas de 1926 sin que hasta ahora se sepa qu\u00e9 pas\u00f3. \u00bfY si estuviese investigando en secreto el caso de un asesino en serie?<\/span><\/div>\n<p style=\"margin: 0cm; line-height: 150%;\"><span lang=\"ES\" style=\"font-size: 10.0pt; line-height: 150%; font-family: 'Arial',sans-serif;\">\u00a0<\/span><\/p>\n<div><span style=\"font-style: inherit;\">El libro es, en parte, un homenaje a las historias que desataron mi pasi\u00f3n por la novela negra en la adolescencia. Y me ha servido para hablar de la realidad social de la Inglaterra de entonces, con sus luces y sus sombras. Los hoteles se\u00f1oriales y los salones de t\u00e9 contrastan con los pubs de mala muerte y los complejos mineros. <\/span><\/div>\n<p style=\"margin: 0cm; line-height: 150%;\"><span lang=\"ES\" style=\"font-size: 10.0pt; line-height: 150%; font-family: 'Arial',sans-serif;\">\u00a0<\/span><\/p>\n<div><span style=\"font-style: inherit;\">Cre\u00eda que la realidad supera la ficci\u00f3n\u2026 tal vez no siempre.\u00a0<\/span><\/div>\n<p>\n<\/div><\/div><\/div><\/div><\/div><\/section><\/p>\n","protected":false},"excerpt":{"rendered":"","protected":false},"author":1,"featured_media":0,"parent":0,"menu_order":0,"comment_status":"closed","ping_status":"closed","template":"tpl-king_composer.php","meta":{"footnotes":""},"class_list":["post-174","page","type-page","status-publish","hentry"],"_links":{"self":[{"href":"https:\/\/lauramanzanera.com\/index.php?rest_route=\/wp\/v2\/pages\/174","targetHints":{"allow":["GET"]}}],"collection":[{"href":"https:\/\/lauramanzanera.com\/index.php?rest_route=\/wp\/v2\/pages"}],"about":[{"href":"https:\/\/lauramanzanera.com\/index.php?rest_route=\/wp\/v2\/types\/page"}],"author":[{"embeddable":true,"href":"https:\/\/lauramanzanera.com\/index.php?rest_route=\/wp\/v2\/users\/1"}],"replies":[{"embeddable":true,"href":"https:\/\/lauramanzanera.com\/index.php?rest_route=%2Fwp%2Fv2%2Fcomments&post=174"}],"version-history":[{"count":9,"href":"https:\/\/lauramanzanera.com\/index.php?rest_route=\/wp\/v2\/pages\/174\/revisions"}],"predecessor-version":[{"id":397,"href":"https:\/\/lauramanzanera.com\/index.php?rest_route=\/wp\/v2\/pages\/174\/revisions\/397"}],"wp:attachment":[{"href":"https:\/\/lauramanzanera.com\/index.php?rest_route=%2Fwp%2Fv2%2Fmedia&parent=174"}],"curies":[{"name":"wp","href":"https:\/\/api.w.org\/{rel}","templated":true}]}}