{"id":500,"date":"2026-01-18T17:15:35","date_gmt":"2026-01-18T17:15:35","guid":{"rendered":"https:\/\/lauramanzanera.com\/?page_id=500"},"modified":"2026-02-24T19:30:08","modified_gmt":"2026-02-24T19:30:08","slug":"ana-de-las-tejas-verdes","status":"publish","type":"page","link":"https:\/\/lauramanzanera.com\/?page_id=500","title":{"rendered":"Ana de Tejas Verdes"},"content":{"rendered":"<section class=\"kc-elm kc-css-182870 kc_row\"><div class=\"kc-row-container  kc-container\"><div class=\"kc-wrap-columns\"><div class=\"kc-elm kc-css-278432 kc_col-sm-12 kc_column kc_col-sm-12\"><div class=\"kc-col-container\"><div class=\"kc-elm kc-css-335846 kc_text_block\"><\/p>\n<div class=\"wp-block-columns is-layout-flex wp-container-core-columns-is-layout-9d6595d7 wp-block-columns-is-layout-flex\">\n<div class=\"wp-block-column is-layout-flow wp-block-column-is-layout-flow\" style=\"flex-basis:33.33%\">\n<figure class=\"wp-block-image size-large\"><img loading=\"lazy\" decoding=\"async\" width=\"652\" height=\"1024\" src=\"https:\/\/lauramanzanera.com\/wp-content\/uploads\/2026\/01\/Alicia-tamano-652x1024.jpg\" alt=\"\" class=\"wp-image-480\" srcset=\"https:\/\/lauramanzanera.com\/wp-content\/uploads\/2026\/01\/Alicia-tamano-652x1024.jpg 652w, https:\/\/lauramanzanera.com\/wp-content\/uploads\/2026\/01\/Alicia-tamano-191x300.jpg 191w, https:\/\/lauramanzanera.com\/wp-content\/uploads\/2026\/01\/Alicia-tamano-768x1206.jpg 768w, https:\/\/lauramanzanera.com\/wp-content\/uploads\/2026\/01\/Alicia-tamano-978x1536.jpg 978w, https:\/\/lauramanzanera.com\/wp-content\/uploads\/2026\/01\/Alicia-tamano.jpg 1019w\" sizes=\"auto, (max-width: 652px) 100vw, 652px\" \/><\/figure>\n<\/p>\n<\/div>\n<\/p>\n<div class=\"wp-block-column is-layout-flow wp-block-column-is-layout-flow\" style=\"flex-basis:66.66%\">\n<details class=\"wp-block-details is-layout-flow wp-block-details-is-layout-flow\">\n<summary>Las historias de Ana de Tejas Verdes y del resto de habitantes de Avonlea podr\u00edan ser perfectamente reales. A lo largo de las novelas de Lucy Maud Montgomery descubrimos recetas de platos e ingredientes que se ci\u00f1en a un espacio y un tiempo concretos: la costa este de Canad\u00e1 a finales del siglo XIX.<br \/>Disfruta de este libro, en cuyas p\u00e1ginas encontrar\u00e1s las mejores recetas de Avonlea y entender\u00e1s el contexto hist\u00f3rico, por qu\u00e9 empleaban determinados ingredientes y por qu\u00e9 los cocinan de cierta manera en la granja de Tejas Verdes. \u00a1Qu\u00e9 aprovechen los platos y la lectura!<\/summary>\n<\/p>\n<\/details>\n<\/div>\n<\/div>\n<\/p>\n<p><a href=\"https:\/\/www.editorialalma.com\/libros\/ana-de-tejas-verdes-sus-deliciosas-recetas\">Editorial Alma<\/a>, 2023<\/p><\/p>\n<\/div><\/div><\/div><\/div><\/div><\/section>","protected":false},"excerpt":{"rendered":"","protected":false},"author":2,"featured_media":0,"parent":0,"menu_order":0,"comment_status":"closed","ping_status":"closed","template":"","meta":{"footnotes":""},"class_list":["post-500","page","type-page","status-publish","hentry"],"_links":{"self":[{"href":"https:\/\/lauramanzanera.com\/index.php?rest_route=\/wp\/v2\/pages\/500","targetHints":{"allow":["GET"]}}],"collection":[{"href":"https:\/\/lauramanzanera.com\/index.php?rest_route=\/wp\/v2\/pages"}],"about":[{"href":"https:\/\/lauramanzanera.com\/index.php?rest_route=\/wp\/v2\/types\/page"}],"author":[{"embeddable":true,"href":"https:\/\/lauramanzanera.com\/index.php?rest_route=\/wp\/v2\/users\/2"}],"replies":[{"embeddable":true,"href":"https:\/\/lauramanzanera.com\/index.php?rest_route=%2Fwp%2Fv2%2Fcomments&post=500"}],"version-history":[{"count":10,"href":"https:\/\/lauramanzanera.com\/index.php?rest_route=\/wp\/v2\/pages\/500\/revisions"}],"predecessor-version":[{"id":717,"href":"https:\/\/lauramanzanera.com\/index.php?rest_route=\/wp\/v2\/pages\/500\/revisions\/717"}],"wp:attachment":[{"href":"https:\/\/lauramanzanera.com\/index.php?rest_route=%2Fwp%2Fv2%2Fmedia&parent=500"}],"curies":[{"name":"wp","href":"https:\/\/api.w.org\/{rel}","templated":true}]}}