{"id":514,"date":"2026-01-18T17:36:44","date_gmt":"2026-01-18T17:36:44","guid":{"rendered":"https:\/\/lauramanzanera.com\/?page_id=514"},"modified":"2026-02-01T17:03:54","modified_gmt":"2026-02-01T17:03:54","slug":"olympe-de-gouges","status":"publish","type":"page","link":"https:\/\/lauramanzanera.com\/?page_id=514","title":{"rendered":"Olympe de Gouges"},"content":{"rendered":"\n\n\n<div class=\"wp-block-columns is-layout-flex wp-container-core-columns-is-layout-9d6595d7 wp-block-columns-is-layout-flex\">\n<div class=\"wp-block-column is-layout-flow wp-block-column-is-layout-flow\" style=\"flex-basis:33.33%\">\n<figure class=\"wp-block-image size-large\"><img loading=\"lazy\" decoding=\"async\" width=\"652\" height=\"1024\" src=\"https:\/\/lauramanzanera.com\/wp-content\/uploads\/2026\/01\/Olympe-tamano-652x1024.jpg\" alt=\"\" class=\"wp-image-474\" srcset=\"https:\/\/lauramanzanera.com\/wp-content\/uploads\/2026\/01\/Olympe-tamano-652x1024.jpg 652w, https:\/\/lauramanzanera.com\/wp-content\/uploads\/2026\/01\/Olympe-tamano-191x300.jpg 191w, https:\/\/lauramanzanera.com\/wp-content\/uploads\/2026\/01\/Olympe-tamano-768x1206.jpg 768w, https:\/\/lauramanzanera.com\/wp-content\/uploads\/2026\/01\/Olympe-tamano-978x1536.jpg 978w, https:\/\/lauramanzanera.com\/wp-content\/uploads\/2026\/01\/Olympe-tamano.jpg 1019w\" sizes=\"auto, (max-width: 652px) 100vw, 652px\" \/><\/figure>\n<\/div>\n\n\n\n<div class=\"wp-block-column is-layout-flow wp-block-column-is-layout-flow\" style=\"flex-basis:66.66%\">\n<details class=\"wp-block-details is-layout-flow wp-block-details-is-layout-flow\"><summary>La mujer nace libre y permanece igual al hombre en derechos\u0085\u0094 Esta frase que en el siglo XXI resulta una obviedad, no lo era en el XVIII, ni siquiera en el contexto progresista y reformador de la Revoluci\u00f3n Francesa. Olympe de Gouges ha pasado a la historia por escribir la Declaraci\u00f3n de los Derechos de la Mujer y de la Ciudadana (1791), pero su caleidosc\u00f3pica figura va mucho m\u00e1s all\u00e1. Reivindic\u00f3 el amor libre y las parejas de hecho; combati\u00f3 la pena de muerte; predic\u00f3 los horrores de la esclavitud; defendi\u00f3 a madres solteras, prostitutas, parados y vagabundos; denunci\u00f3 la corrupci\u00f3n de los pol\u00edticos; se declar\u00f3 mon\u00e1rquica cuando la moda era ser republicano\u0085 Se mostr\u00f3 m\u00e1s revolucionaria que la Revoluci\u00f3n. Ser bastarda, plebeya, provinciana y semianalfabeta no le impidi\u00f3 convertirse en escritora, hacer o\u00edr su voz en Par\u00eds y codearse con las principales figuras de su tiempo. Us\u00f3 la pluma para llevar el lema \u0093igualdad, libertad y fraternidad\u0094 hasta sus \u00faltimas consecuencias, incluido el enfrentamiento con el mism\u00edsimo Robespierre. Pionera en la defensa de los derechos humanos, activista comprometida y feminista avant la lettre, m\u00e1s de dos siglos despu\u00e9s de su tr\u00e1gico final las ideas y valores que Olympe defendi\u00f3 en el per\u00edodo m\u00e1s convulso de Francia contin\u00faan vigentes.<\/summary>\n<p><\/p>\n<\/details>\n<\/div>\n<\/div>\n\n\n\n<p><a href=\"https:\/\/tienda.elviejotopo.com\/biografia\/996-olympe-de-gouges-la-cronista-maldita-de-la-revolucion-francesa-9788492616756.html\">El Viejo Topo<\/a>, 2010<\/p>\n\n\n","protected":false},"excerpt":{"rendered":"<p>El Viejo Topo, 2010<\/p>\n","protected":false},"author":2,"featured_media":0,"parent":0,"menu_order":0,"comment_status":"closed","ping_status":"closed","template":"","meta":{"footnotes":""},"class_list":["post-514","page","type-page","status-publish","hentry"],"_links":{"self":[{"href":"https:\/\/lauramanzanera.com\/index.php?rest_route=\/wp\/v2\/pages\/514","targetHints":{"allow":["GET"]}}],"collection":[{"href":"https:\/\/lauramanzanera.com\/index.php?rest_route=\/wp\/v2\/pages"}],"about":[{"href":"https:\/\/lauramanzanera.com\/index.php?rest_route=\/wp\/v2\/types\/page"}],"author":[{"embeddable":true,"href":"https:\/\/lauramanzanera.com\/index.php?rest_route=\/wp\/v2\/users\/2"}],"replies":[{"embeddable":true,"href":"https:\/\/lauramanzanera.com\/index.php?rest_route=%2Fwp%2Fv2%2Fcomments&post=514"}],"version-history":[{"count":4,"href":"https:\/\/lauramanzanera.com\/index.php?rest_route=\/wp\/v2\/pages\/514\/revisions"}],"predecessor-version":[{"id":601,"href":"https:\/\/lauramanzanera.com\/index.php?rest_route=\/wp\/v2\/pages\/514\/revisions\/601"}],"wp:attachment":[{"href":"https:\/\/lauramanzanera.com\/index.php?rest_route=%2Fwp%2Fv2%2Fmedia&parent=514"}],"curies":[{"name":"wp","href":"https:\/\/api.w.org\/{rel}","templated":true}]}}