{"id":517,"date":"2026-01-18T18:18:13","date_gmt":"2026-01-18T18:18:13","guid":{"rendered":"https:\/\/lauramanzanera.com\/?page_id=517"},"modified":"2026-02-01T17:04:56","modified_gmt":"2026-02-01T17:04:56","slug":"las-grandes-fugas","status":"publish","type":"page","link":"https:\/\/lauramanzanera.com\/?page_id=517","title":{"rendered":"Grandes fugas"},"content":{"rendered":"\n\n\n<div class=\"wp-block-columns is-layout-flex wp-container-core-columns-is-layout-9d6595d7 wp-block-columns-is-layout-flex\">\n<div class=\"wp-block-column is-layout-flow wp-block-column-is-layout-flow\" style=\"flex-basis:33.33%\">\n<figure class=\"wp-block-image size-large\"><img loading=\"lazy\" decoding=\"async\" width=\"652\" height=\"1024\" src=\"https:\/\/lauramanzanera.com\/wp-content\/uploads\/2026\/01\/fugas-tamano-652x1024.jpg\" alt=\"\" class=\"wp-image-477\" srcset=\"https:\/\/lauramanzanera.com\/wp-content\/uploads\/2026\/01\/fugas-tamano-652x1024.jpg 652w, https:\/\/lauramanzanera.com\/wp-content\/uploads\/2026\/01\/fugas-tamano-191x300.jpg 191w, https:\/\/lauramanzanera.com\/wp-content\/uploads\/2026\/01\/fugas-tamano-768x1206.jpg 768w, https:\/\/lauramanzanera.com\/wp-content\/uploads\/2026\/01\/fugas-tamano-978x1536.jpg 978w, https:\/\/lauramanzanera.com\/wp-content\/uploads\/2026\/01\/fugas-tamano.jpg 1019w\" sizes=\"auto, (max-width: 652px) 100vw, 652px\" \/><\/figure>\n<\/div>\n\n\n\n<div class=\"wp-block-column is-layout-flow wp-block-column-is-layout-flow\" style=\"flex-basis:66.66%\">\n<details class=\"wp-block-details is-layout-flow wp-block-details-is-layout-flow\"><summary>La lucha por conquistar la libertad perdida -con independencia de las razones del encarcelamiento- es uno de los espect\u00e1culos m\u00e1s conmovedores que existen. Alcatraz, la Gran Evasi\u00f3n, Colditz, Papillon o el Expreso de medianoche son referentes anclados en el imaginario colectivo. A lo largo de la historia han sido muchos los que han hecho lo imposible por librarse de sus cadenas, desde reyes y altos dignatarios hasta ladrones y criminales. C\u00e9sar Borgia, Giacomo Casanova, Luis XVI, Napole\u00f3n, Winston Churchill, Benito Mussolini, Jacques Mesrine y El Lute, son, entre otros, claros ejemplos. Al margen de sus circunstancias, \u00e9pocas y m\u00e9todos, todas las fugas recogidas en esta entretenida y documentada obra de Laura Manzanera tienen en com\u00fan la audacia, el coraje y el desbordante ingenio de los protagonistas, cuyas haza\u00f1as elevaron las huidas a la categor\u00eda de arte. Algunos recuperaron la libertad. Aunque fuera por un instante.<\/summary>\n<p><\/p>\n<\/details>\n<\/div>\n<\/div>\n\n\n\n<p>Pen\u00ednsula, 2009<\/p>\n\n\n","protected":false},"excerpt":{"rendered":"<p>Pen\u00ednsula, 2009<\/p>\n","protected":false},"author":2,"featured_media":0,"parent":0,"menu_order":0,"comment_status":"closed","ping_status":"closed","template":"","meta":{"footnotes":""},"class_list":["post-517","page","type-page","status-publish","hentry"],"_links":{"self":[{"href":"https:\/\/lauramanzanera.com\/index.php?rest_route=\/wp\/v2\/pages\/517","targetHints":{"allow":["GET"]}}],"collection":[{"href":"https:\/\/lauramanzanera.com\/index.php?rest_route=\/wp\/v2\/pages"}],"about":[{"href":"https:\/\/lauramanzanera.com\/index.php?rest_route=\/wp\/v2\/types\/page"}],"author":[{"embeddable":true,"href":"https:\/\/lauramanzanera.com\/index.php?rest_route=\/wp\/v2\/users\/2"}],"replies":[{"embeddable":true,"href":"https:\/\/lauramanzanera.com\/index.php?rest_route=%2Fwp%2Fv2%2Fcomments&post=517"}],"version-history":[{"count":7,"href":"https:\/\/lauramanzanera.com\/index.php?rest_route=\/wp\/v2\/pages\/517\/revisions"}],"predecessor-version":[{"id":744,"href":"https:\/\/lauramanzanera.com\/index.php?rest_route=\/wp\/v2\/pages\/517\/revisions\/744"}],"wp:attachment":[{"href":"https:\/\/lauramanzanera.com\/index.php?rest_route=%2Fwp%2Fv2%2Fmedia&parent=517"}],"curies":[{"name":"wp","href":"https:\/\/api.w.org\/{rel}","templated":true}]}}