{"id":694,"date":"2026-02-14T18:35:07","date_gmt":"2026-02-14T18:35:07","guid":{"rendered":"https:\/\/lauramanzanera.com\/?page_id=694"},"modified":"2026-02-14T19:00:55","modified_gmt":"2026-02-14T19:00:55","slug":"alicia-en-el-pais-de-las-maravillas","status":"publish","type":"page","link":"https:\/\/lauramanzanera.com\/?page_id=694","title":{"rendered":"Alicia en el Pa\u00eds de las Maravillas"},"content":{"rendered":"\n\n\n<div class=\"wp-block-columns is-layout-flex wp-container-core-columns-is-layout-9d6595d7 wp-block-columns-is-layout-flex\">\n<div class=\"wp-block-column is-layout-flow wp-block-column-is-layout-flow\" style=\"flex-basis:33.33%\">\n<figure class=\"wp-block-image size-large\"><img loading=\"lazy\" decoding=\"async\" width=\"652\" height=\"1024\" src=\"https:\/\/lauramanzanera.com\/wp-content\/uploads\/2026\/01\/Tejas-tamano-652x1024.jpg\" alt=\"\" class=\"wp-image-471\" srcset=\"https:\/\/lauramanzanera.com\/wp-content\/uploads\/2026\/01\/Tejas-tamano-652x1024.jpg 652w, https:\/\/lauramanzanera.com\/wp-content\/uploads\/2026\/01\/Tejas-tamano-191x300.jpg 191w, https:\/\/lauramanzanera.com\/wp-content\/uploads\/2026\/01\/Tejas-tamano-768x1206.jpg 768w, https:\/\/lauramanzanera.com\/wp-content\/uploads\/2026\/01\/Tejas-tamano-978x1536.jpg 978w, https:\/\/lauramanzanera.com\/wp-content\/uploads\/2026\/01\/Tejas-tamano.jpg 1019w\" sizes=\"auto, (max-width: 652px) 100vw, 652px\" \/><\/figure>\n<\/div>\n\n\n\n<div class=\"wp-block-column is-layout-flow wp-block-column-is-layout-flow\" style=\"flex-basis:66.66%\">\n<details class=\"wp-block-details is-layout-flow wp-block-details-is-layout-flow\"><summary>Alicia en el Pa\u00eds de las Maravillas es fruto de la desbordante imaginaci\u00f3n de Lewis Carroll, pero tambi\u00e9n de la \u00e9poca en la que vivi\u00f3. Este libro te ayudar\u00e1 a descubrir la realidad de la Inglaterra victoriana: \u00bfcu\u00e1les eran las principales aficiones del autor?, \u00bfa qu\u00e9 jugaban los ni\u00f1os?, \u00bfpor qu\u00e9 el ajedrez se puso de moda?, \u00bfqu\u00e9 estudiaba la ciencia de la \u00e9poca? Saber m\u00e1s sobre el contexto hist\u00f3rico te proporcionar\u00e1 nuevos puntos de vista y har\u00e1 que disfrutes m\u00e1s de la obra de este original autor.<br>Bienvenidos al maravilloso mundo real de las maravillas.<\/summary>\n<p><\/p>\n<\/details>\n<\/div>\n<\/div>\n\n\n\n<p><a href=\"https:\/\/www.editorialalma.com\/libros\/ana-de-tejas-verdes-sus-deliciosas-recetas\">Editorial Alma<\/a>, 2023<\/p>\n\n\n\n\n\n<p><\/p>\n","protected":false},"excerpt":{"rendered":"<p>Editorial Alma, 2023<\/p>\n","protected":false},"author":2,"featured_media":0,"parent":0,"menu_order":0,"comment_status":"closed","ping_status":"closed","template":"","meta":{"footnotes":""},"class_list":["post-694","page","type-page","status-publish","hentry"],"_links":{"self":[{"href":"https:\/\/lauramanzanera.com\/index.php?rest_route=\/wp\/v2\/pages\/694","targetHints":{"allow":["GET"]}}],"collection":[{"href":"https:\/\/lauramanzanera.com\/index.php?rest_route=\/wp\/v2\/pages"}],"about":[{"href":"https:\/\/lauramanzanera.com\/index.php?rest_route=\/wp\/v2\/types\/page"}],"author":[{"embeddable":true,"href":"https:\/\/lauramanzanera.com\/index.php?rest_route=\/wp\/v2\/users\/2"}],"replies":[{"embeddable":true,"href":"https:\/\/lauramanzanera.com\/index.php?rest_route=%2Fwp%2Fv2%2Fcomments&post=694"}],"version-history":[{"count":4,"href":"https:\/\/lauramanzanera.com\/index.php?rest_route=\/wp\/v2\/pages\/694\/revisions"}],"predecessor-version":[{"id":699,"href":"https:\/\/lauramanzanera.com\/index.php?rest_route=\/wp\/v2\/pages\/694\/revisions\/699"}],"wp:attachment":[{"href":"https:\/\/lauramanzanera.com\/index.php?rest_route=%2Fwp%2Fv2%2Fmedia&parent=694"}],"curies":[{"name":"wp","href":"https:\/\/api.w.org\/{rel}","templated":true}]}}